{"id":3805,"date":"2025-11-11T13:13:59","date_gmt":"2025-11-11T13:13:59","guid":{"rendered":"https:\/\/bcpglobal.com\/?page_id=3805"},"modified":"2025-11-11T13:14:05","modified_gmt":"2025-11-11T13:14:05","slug":"seguridad","status":"publish","type":"page","link":"https:\/\/bcpglobal.com\/pt\/seguridad\/","title":{"rendered":"Seguridad"},"content":{"rendered":"<div data-elementor-type=\"wp-page\" data-elementor-id=\"3805\" class=\"elementor elementor-3805\" data-elementor-settings=\"{&quot;element_pack_global_tooltip_width&quot;:{&quot;unit&quot;:&quot;px&quot;,&quot;size&quot;:&quot;&quot;,&quot;sizes&quot;:[]},&quot;element_pack_global_tooltip_width_tablet&quot;:{&quot;unit&quot;:&quot;px&quot;,&quot;size&quot;:&quot;&quot;,&quot;sizes&quot;:[]},&quot;element_pack_global_tooltip_width_mobile&quot;:{&quot;unit&quot;:&quot;px&quot;,&quot;size&quot;:&quot;&quot;,&quot;sizes&quot;:[]},&quot;element_pack_global_tooltip_padding&quot;:{&quot;unit&quot;:&quot;px&quot;,&quot;top&quot;:&quot;&quot;,&quot;right&quot;:&quot;&quot;,&quot;bottom&quot;:&quot;&quot;,&quot;left&quot;:&quot;&quot;,&quot;isLinked&quot;:true},&quot;element_pack_global_tooltip_padding_tablet&quot;:{&quot;unit&quot;:&quot;px&quot;,&quot;top&quot;:&quot;&quot;,&quot;right&quot;:&quot;&quot;,&quot;bottom&quot;:&quot;&quot;,&quot;left&quot;:&quot;&quot;,&quot;isLinked&quot;:true},&quot;element_pack_global_tooltip_padding_mobile&quot;:{&quot;unit&quot;:&quot;px&quot;,&quot;top&quot;:&quot;&quot;,&quot;right&quot;:&quot;&quot;,&quot;bottom&quot;:&quot;&quot;,&quot;left&quot;:&quot;&quot;,&quot;isLinked&quot;:true},&quot;element_pack_global_tooltip_border_radius&quot;:{&quot;unit&quot;:&quot;px&quot;,&quot;top&quot;:&quot;&quot;,&quot;right&quot;:&quot;&quot;,&quot;bottom&quot;:&quot;&quot;,&quot;left&quot;:&quot;&quot;,&quot;isLinked&quot;:true},&quot;element_pack_global_tooltip_border_radius_tablet&quot;:{&quot;unit&quot;:&quot;px&quot;,&quot;top&quot;:&quot;&quot;,&quot;right&quot;:&quot;&quot;,&quot;bottom&quot;:&quot;&quot;,&quot;left&quot;:&quot;&quot;,&quot;isLinked&quot;:true},&quot;element_pack_global_tooltip_border_radius_mobile&quot;:{&quot;unit&quot;:&quot;px&quot;,&quot;top&quot;:&quot;&quot;,&quot;right&quot;:&quot;&quot;,&quot;bottom&quot;:&quot;&quot;,&quot;left&quot;:&quot;&quot;,&quot;isLinked&quot;:true}}\" data-elementor-post-type=\"page\">\n\t\t\t\t<div class=\"elementor-element elementor-element-30546c7e e-flex e-con-boxed e-con e-parent\" data-id=\"30546c7e\" data-element_type=\"container\" data-settings=\"{&quot;background_background&quot;:&quot;classic&quot;}\">\n\t\t\t\t\t<div class=\"e-con-inner\">\n\t\t<div class=\"elementor-element elementor-element-17f8bf37 e-con-full bdt-bg-expand-yes e-flex e-con e-child\" data-id=\"17f8bf37\" data-element_type=\"container\" data-settings=\"{&quot;ep_bg_expand_enable&quot;:&quot;yes&quot;}\">\n\t\t\t\t<div class=\"elementor-element elementor-element-55430d3c elementor-invisible elementor-widget elementor-widget-heading\" data-id=\"55430d3c\" data-element_type=\"widget\" data-settings=\"{&quot;_animation_delay&quot;:250,&quot;_animation&quot;:&quot;fadeInUp&quot;}\" data-widget_type=\"heading.default\">\n\t\t\t\t<div class=\"elementor-widget-container\">\n\t\t\t<h1 class=\"elementor-heading-title elementor-size-default\">Seguridad y Cumplimiento<\/h1>\t\t<\/div>\n\t\t\t\t<\/div>\n\t\t\t\t<div class=\"elementor-element elementor-element-397da1ea elementor-widget__width-inherit elementor-invisible elementor-widget elementor-widget-text-editor\" data-id=\"397da1ea\" data-element_type=\"widget\" data-settings=\"{&quot;_animation_delay&quot;:250,&quot;_animation&quot;:&quot;fadeInRight&quot;}\" data-widget_type=\"text-editor.default\">\n\t\t\t\t<div class=\"elementor-widget-container\">\n\t\t\t\t\t\t\t<p>En BCP Global, la seguridad de la informaci\u00f3n y la protecci\u00f3n de los datos personales son una prioridad.<br \/>Nuestro compromiso con las mejores pr\u00e1cticas internacionales impulsa la confidencialidad, integridad y disponibilidad de la informaci\u00f3n de nuestros clientes y partners.<\/p>\t\t\t\t\t\t<\/div>\n\t\t\t\t<\/div>\n\t\t\t\t<\/div>\n\t\t\t\t\t<\/div>\n\t\t\t\t<\/div>\n\t\t<div class=\"elementor-element elementor-element-2c81528a e-flex e-con-boxed e-con e-parent\" data-id=\"2c81528a\" data-element_type=\"container\" data-settings=\"{&quot;background_background&quot;:&quot;gradient&quot;}\">\n\t\t\t\t\t<div class=\"e-con-inner\">\n\t\t<div class=\"elementor-element elementor-element-56657cd5 e-con-full e-flex elementor-invisible e-con e-child\" data-id=\"56657cd5\" data-element_type=\"container\" data-settings=\"{&quot;motion_fx_motion_fx_scrolling&quot;:&quot;yes&quot;,&quot;motion_fx_translateY_effect&quot;:&quot;yes&quot;,&quot;motion_fx_range&quot;:&quot;viewport&quot;,&quot;animation&quot;:&quot;slideInUp&quot;,&quot;motion_fx_translateY_speed&quot;:{&quot;unit&quot;:&quot;px&quot;,&quot;size&quot;:4,&quot;sizes&quot;:[]},&quot;motion_fx_translateY_affectedRange&quot;:{&quot;unit&quot;:&quot;%&quot;,&quot;size&quot;:&quot;&quot;,&quot;sizes&quot;:{&quot;start&quot;:0,&quot;end&quot;:100}},&quot;motion_fx_devices&quot;:[&quot;desktop&quot;,&quot;tablet&quot;,&quot;mobile&quot;]}\">\n\t\t<div class=\"elementor-element elementor-element-368a77d2 e-con-full e-flex elementor-invisible e-con e-child\" data-id=\"368a77d2\" data-element_type=\"container\" data-settings=\"{&quot;background_background&quot;:&quot;classic&quot;,&quot;animation_delay&quot;:&quot;200&quot;,&quot;animation&quot;:&quot;fadeInUp&quot;,&quot;background_motion_fx_motion_fx_scrolling&quot;:&quot;yes&quot;,&quot;background_motion_fx_devices&quot;:[&quot;desktop&quot;,&quot;tablet&quot;,&quot;mobile&quot;]}\">\n\t\t\t\t<div class=\"elementor-element elementor-element-7ff3c78 elementor-widget elementor-widget-heading\" data-id=\"7ff3c78\" data-element_type=\"widget\" data-widget_type=\"heading.default\">\n\t\t\t\t<div class=\"elementor-widget-container\">\n\t\t\t<h5 class=\"elementor-heading-title elementor-size-default\">Pol\u00edtica de privacidad<\/h5>\t\t<\/div>\n\t\t\t\t<\/div>\n\t\t\t\t<div class=\"elementor-element elementor-element-35dbc32d elementor-icon-list--layout-inline elementor-align-center elementor-list-item-link-full_width elementor-widget elementor-widget-icon-list\" data-id=\"35dbc32d\" data-element_type=\"widget\" data-widget_type=\"icon-list.default\">\n\t\t\t\t<div class=\"elementor-widget-container\">\n\t\t\t\t\t<ul class=\"elementor-icon-list-items elementor-inline-items\">\n\t\t\t\t\t\t\t<li class=\"elementor-icon-list-item elementor-inline-item\">\n\t\t\t\t\t\t\t\t\t\t\t<span class=\"elementor-icon-list-icon\">\n\t\t\t\t\t\t\t<svg aria-hidden=\"true\" class=\"e-font-icon-svg e-fas-circle\" viewbox=\"0 0 512 512\" xmlns=\"http:\/\/www.w3.org\/2000\/svg\"><path d=\"M256 8C119 8 8 119 8 256s111 248 248 248 248-111 248-248S393 8 256 8z\"><\/path><\/svg>\t\t\t\t\t\t<\/span>\n\t\t\t\t\t\t\t\t\t\t<span class=\"elementor-icon-list-text\">Conoce c\u00f3mo recopilamos, utilizamos y protegemos tu informaci\u00f3n.  <\/span>\n\t\t\t\t\t\t\t\t\t<\/li>\n\t\t\t\t\t\t<\/ul>\n\t\t\t\t<\/div>\n\t\t\t\t<\/div>\n\t\t<div class=\"elementor-element elementor-element-1d423c54 e-con-full e-flex e-con e-child\" data-id=\"1d423c54\" data-element_type=\"container\">\n\t\t\t\t<div class=\"elementor-element elementor-element-14f2a812 elementor-widget elementor-widget-button\" data-id=\"14f2a812\" data-element_type=\"widget\" data-widget_type=\"button.default\">\n\t\t\t\t<div class=\"elementor-widget-container\">\n\t\t\t\t\t<div class=\"elementor-button-wrapper\">\n\t\t\t<a class=\"elementor-button elementor-button-link elementor-size-sm elementor-animation-grow\" href=\"https:\/\/docs.google.com\/document\/d\/15m1SzX42fDsDqZConsRJ6qflYZS1fInWBEtZ1HWlE8g\/edit?usp=sharing\">\n\t\t\t\t\t\t<span class=\"elementor-button-content-wrapper\">\n\t\t\t\t\t\t\t\t\t<span class=\"elementor-button-text\">Ver pol\u00edtica de privacidad<\/span>\n\t\t\t\t\t<\/span>\n\t\t\t\t\t<\/a>\n\t\t<\/div>\n\t\t\t\t<\/div>\n\t\t\t\t<\/div>\n\t\t\t\t<\/div>\n\t\t\t\t<\/div>\n\t\t<div class=\"elementor-element elementor-element-8dd93ee e-con-full e-flex elementor-invisible e-con e-child\" data-id=\"8dd93ee\" data-element_type=\"container\" data-settings=\"{&quot;background_background&quot;:&quot;classic&quot;,&quot;animation_delay&quot;:&quot;200&quot;,&quot;animation&quot;:&quot;fadeInUp&quot;,&quot;background_motion_fx_motion_fx_scrolling&quot;:&quot;yes&quot;,&quot;background_motion_fx_devices&quot;:[&quot;desktop&quot;,&quot;tablet&quot;,&quot;mobile&quot;]}\">\n\t\t\t\t<div class=\"elementor-element elementor-element-b167978 elementor-widget elementor-widget-heading\" data-id=\"b167978\" data-element_type=\"widget\" data-widget_type=\"heading.default\">\n\t\t\t\t<div class=\"elementor-widget-container\">\n\t\t\t<h5 class=\"elementor-heading-title elementor-size-default\">Certificaci\u00f3n ISO\/IEC 27001<\/h5>\t\t<\/div>\n\t\t\t\t<\/div>\n\t\t\t\t<div class=\"elementor-element elementor-element-c61bd99 elementor-widget elementor-widget-image\" data-id=\"c61bd99\" data-element_type=\"widget\" data-widget_type=\"image.default\">\n\t\t\t\t<div class=\"elementor-widget-container\">\n\t\t\t\t\t\t\t\t\t\t\t\t\t<img decoding=\"async\" src=\"https:\/\/bcpglobal.com\/wp-content\/plugins\/elementor\/assets\/images\/placeholder.png\" title=\"\" alt=\"\" loading=\"lazy\" \/>\t\t\t\t\t\t\t\t\t\t\t\t\t<\/div>\n\t\t\t\t<\/div>\n\t\t\t\t<div class=\"elementor-element elementor-element-4cf854e elementor-icon-list--layout-inline elementor-list-item-link-full_width elementor-widget elementor-widget-icon-list\" data-id=\"4cf854e\" data-element_type=\"widget\" data-widget_type=\"icon-list.default\">\n\t\t\t\t<div class=\"elementor-widget-container\">\n\t\t\t\t\t<ul class=\"elementor-icon-list-items elementor-inline-items\">\n\t\t\t\t\t\t\t<li class=\"elementor-icon-list-item elementor-inline-item\">\n\t\t\t\t\t\t\t\t\t\t\t<span class=\"elementor-icon-list-icon\">\n\t\t\t\t\t\t\t<svg aria-hidden=\"true\" class=\"e-font-icon-svg e-fas-circle\" viewbox=\"0 0 512 512\" xmlns=\"http:\/\/www.w3.org\/2000\/svg\"><path d=\"M256 8C119 8 8 119 8 256s111 248 248 248 248-111 248-248S393 8 256 8z\"><\/path><\/svg>\t\t\t\t\t\t<\/span>\n\t\t\t\t\t\t\t\t\t\t<span class=\"elementor-icon-list-text\">BCP Global cuenta con la certificaci\u00f3n internacional ISO\/IEC 27001, que acredita el cumplimiento de los m\u00e1s altos est\u00e1ndares de seguridad de la informaci\u00f3n.<\/span>\n\t\t\t\t\t\t\t\t\t<\/li>\n\t\t\t\t\t\t<\/ul>\n\t\t\t\t<\/div>\n\t\t\t\t<\/div>\n\t\t<div class=\"elementor-element elementor-element-66ede93 e-con-full e-flex e-con e-child\" data-id=\"66ede93\" data-element_type=\"container\">\n\t\t\t\t<div class=\"elementor-element elementor-element-c2c393d elementor-widget elementor-widget-button\" data-id=\"c2c393d\" data-element_type=\"widget\" data-widget_type=\"button.default\">\n\t\t\t\t<div class=\"elementor-widget-container\">\n\t\t\t\t\t<div class=\"elementor-button-wrapper\">\n\t\t\t<a class=\"elementor-button elementor-size-sm elementor-animation-grow\" role=\"button\">\n\t\t\t\t\t\t<span class=\"elementor-button-content-wrapper\">\n\t\t\t\t\t\t\t\t\t<span class=\"elementor-button-text\">Ver Certificaci\u00f3n ISO<\/span>\n\t\t\t\t\t<\/span>\n\t\t\t\t\t<\/a>\n\t\t<\/div>\n\t\t\t\t<\/div>\n\t\t\t\t<\/div>\n\t\t\t\t<\/div>\n\t\t\t\t<\/div>\n\t\t\t\t<\/div>\n\t\t\t\t\t<\/div>\n\t\t\t\t<\/div>\n\t\t\t\t<\/div>","protected":false},"excerpt":{"rendered":"<p>Seguridad y Cumplimiento En BCP Global, la seguridad de la informaci\u00f3n y la protecci\u00f3n de los datos personales son una prioridad.Nuestro compromiso [&hellip;]<\/p>","protected":false},"author":5,"featured_media":0,"parent":0,"menu_order":0,"comment_status":"closed","ping_status":"closed","template":"","meta":{"content-type":"","footnotes":""},"class_list":["post-3805","page","type-page","status-publish","hentry"],"yoast_head":"<!-- This site is optimized with the Yoast SEO plugin v26.3 - https:\/\/yoast.com\/wordpress\/plugins\/seo\/ -->\n<title>Seguridad - BCP Global<\/title>\n<meta name=\"robots\" content=\"index, follow, max-snippet:-1, max-image-preview:large, max-video-preview:-1\" \/>\n<link rel=\"canonical\" href=\"https:\/\/bcpglobal.com\/pt\/seguridad\/\" \/>\n<meta property=\"og:locale\" content=\"pt_BR\" \/>\n<meta property=\"og:type\" content=\"article\" \/>\n<meta property=\"og:title\" content=\"Seguridad - BCP Global\" \/>\n<meta property=\"og:description\" content=\"Seguridad y Cumplimiento En BCP Global, la seguridad de la informaci\u00f3n y la protecci\u00f3n de los datos personales son una prioridad.Nuestro compromiso [&hellip;]\" \/>\n<meta property=\"og:url\" content=\"https:\/\/bcpglobal.com\/pt\/seguridad\/\" \/>\n<meta property=\"og:site_name\" content=\"BCP Global\" \/>\n<meta property=\"article:publisher\" content=\"https:\/\/www.facebook.com\/bcpglobal\/\" \/>\n<meta property=\"article:modified_time\" content=\"2025-11-11T13:14:05+00:00\" \/>\n<meta property=\"og:image\" content=\"https:\/\/bcpglobal.com\/wp-content\/plugins\/elementor\/assets\/images\/placeholder.png\" \/>\n<meta name=\"twitter:card\" content=\"summary_large_image\" \/>\n<meta name=\"twitter:site\" content=\"@bcpglobalinvest\" \/>\n<meta name=\"twitter:label1\" content=\"Est. tempo de leitura\" \/>\n\t<meta name=\"twitter:data1\" content=\"1 minuto\" \/>\n<script type=\"application\/ld+json\" class=\"yoast-schema-graph\">{\"@context\":\"https:\/\/schema.org\",\"@graph\":[{\"@type\":\"WebPage\",\"@id\":\"https:\/\/bcpglobal.com\/es\/seguridad\/\",\"url\":\"https:\/\/bcpglobal.com\/es\/seguridad\/\",\"name\":\"Seguridad - BCP Global\",\"isPartOf\":{\"@id\":\"http:\/\/10.20.15.237:8080\/#website\"},\"primaryImageOfPage\":{\"@id\":\"https:\/\/bcpglobal.com\/es\/seguridad\/#primaryimage\"},\"image\":{\"@id\":\"https:\/\/bcpglobal.com\/es\/seguridad\/#primaryimage\"},\"thumbnailUrl\":\"https:\/\/bcpglobal.com\/wp-content\/plugins\/elementor\/assets\/images\/placeholder.png\",\"datePublished\":\"2025-11-11T13:13:59+00:00\",\"dateModified\":\"2025-11-11T13:14:05+00:00\",\"breadcrumb\":{\"@id\":\"https:\/\/bcpglobal.com\/es\/seguridad\/#breadcrumb\"},\"inLanguage\":\"pt-BR\",\"potentialAction\":[{\"@type\":\"ReadAction\",\"target\":[\"https:\/\/bcpglobal.com\/es\/seguridad\/\"]}]},{\"@type\":\"ImageObject\",\"inLanguage\":\"pt-BR\",\"@id\":\"https:\/\/bcpglobal.com\/es\/seguridad\/#primaryimage\",\"url\":\"https:\/\/bcpglobal.com\/wp-content\/plugins\/elementor\/assets\/images\/placeholder.png\",\"contentUrl\":\"https:\/\/bcpglobal.com\/wp-content\/plugins\/elementor\/assets\/images\/placeholder.png\"},{\"@type\":\"BreadcrumbList\",\"@id\":\"https:\/\/bcpglobal.com\/es\/seguridad\/#breadcrumb\",\"itemListElement\":[{\"@type\":\"ListItem\",\"position\":1,\"name\":\"Home\",\"item\":\"http:\/\/10.20.15.237:8080\/\"},{\"@type\":\"ListItem\",\"position\":2,\"name\":\"Seguridad\"}]},{\"@type\":\"WebSite\",\"@id\":\"http:\/\/10.20.15.237:8080\/#website\",\"url\":\"http:\/\/10.20.15.237:8080\/\",\"name\":\"BCP Global\",\"description\":\"\",\"publisher\":{\"@id\":\"http:\/\/10.20.15.237:8080\/#organization\"},\"potentialAction\":[{\"@type\":\"SearchAction\",\"target\":{\"@type\":\"EntryPoint\",\"urlTemplate\":\"http:\/\/10.20.15.237:8080\/?s={search_term_string}\"},\"query-input\":{\"@type\":\"PropertyValueSpecification\",\"valueRequired\":true,\"valueName\":\"search_term_string\"}}],\"inLanguage\":\"pt-BR\"},{\"@type\":\"Organization\",\"@id\":\"http:\/\/10.20.15.237:8080\/#organization\",\"name\":\"BCP Global\",\"url\":\"http:\/\/10.20.15.237:8080\/\",\"logo\":{\"@type\":\"ImageObject\",\"inLanguage\":\"pt-BR\",\"@id\":\"http:\/\/10.20.15.237:8080\/#\/schema\/logo\/image\/\",\"url\":\"http:\/\/10.20.13.46:8080\/wp-content\/uploads\/2024\/10\/favicon.png\",\"contentUrl\":\"http:\/\/10.20.13.46:8080\/wp-content\/uploads\/2024\/10\/favicon.png\",\"width\":196,\"height\":196,\"caption\":\"BCP Global\"},\"image\":{\"@id\":\"http:\/\/10.20.15.237:8080\/#\/schema\/logo\/image\/\"},\"sameAs\":[\"https:\/\/www.facebook.com\/bcpglobal\/\",\"https:\/\/x.com\/bcpglobalinvest\",\"https:\/\/www.youtube.com\/@bcpglobal9094\",\"https:\/\/www.instagram.com\/bcpglobal\/?hl=en\",\"https:\/\/www.linkedin.com\/company\/bcpglobal\/\"]}]}<\/script>\n<!-- \/ Yoast SEO plugin. -->","yoast_head_json":{"title":"Seguridad - BCP Global","robots":{"index":"index","follow":"follow","max-snippet":"max-snippet:-1","max-image-preview":"max-image-preview:large","max-video-preview":"max-video-preview:-1"},"canonical":"https:\/\/bcpglobal.com\/pt\/seguridad\/","og_locale":"pt_BR","og_type":"article","og_title":"Seguridad - BCP Global","og_description":"Seguridad y Cumplimiento En BCP Global, la seguridad de la informaci\u00f3n y la protecci\u00f3n de los datos personales son una prioridad.Nuestro compromiso [&hellip;]","og_url":"https:\/\/bcpglobal.com\/pt\/seguridad\/","og_site_name":"BCP Global","article_publisher":"https:\/\/www.facebook.com\/bcpglobal\/","article_modified_time":"2025-11-11T13:14:05+00:00","og_image":[{"url":"https:\/\/bcpglobal.com\/wp-content\/plugins\/elementor\/assets\/images\/placeholder.png","type":"","width":"","height":""}],"twitter_card":"summary_large_image","twitter_site":"@bcpglobalinvest","twitter_misc":{"Est. tempo de leitura":"1 minuto"},"schema":{"@context":"https:\/\/schema.org","@graph":[{"@type":"WebPage","@id":"https:\/\/bcpglobal.com\/es\/seguridad\/","url":"https:\/\/bcpglobal.com\/es\/seguridad\/","name":"Seguridad - BCP Global","isPartOf":{"@id":"http:\/\/10.20.15.237:8080\/#website"},"primaryImageOfPage":{"@id":"https:\/\/bcpglobal.com\/es\/seguridad\/#primaryimage"},"image":{"@id":"https:\/\/bcpglobal.com\/es\/seguridad\/#primaryimage"},"thumbnailUrl":"https:\/\/bcpglobal.com\/wp-content\/plugins\/elementor\/assets\/images\/placeholder.png","datePublished":"2025-11-11T13:13:59+00:00","dateModified":"2025-11-11T13:14:05+00:00","breadcrumb":{"@id":"https:\/\/bcpglobal.com\/es\/seguridad\/#breadcrumb"},"inLanguage":"pt-BR","potentialAction":[{"@type":"ReadAction","target":["https:\/\/bcpglobal.com\/es\/seguridad\/"]}]},{"@type":"ImageObject","inLanguage":"pt-BR","@id":"https:\/\/bcpglobal.com\/es\/seguridad\/#primaryimage","url":"https:\/\/bcpglobal.com\/wp-content\/plugins\/elementor\/assets\/images\/placeholder.png","contentUrl":"https:\/\/bcpglobal.com\/wp-content\/plugins\/elementor\/assets\/images\/placeholder.png"},{"@type":"BreadcrumbList","@id":"https:\/\/bcpglobal.com\/es\/seguridad\/#breadcrumb","itemListElement":[{"@type":"ListItem","position":1,"name":"Home","item":"http:\/\/10.20.15.237:8080\/"},{"@type":"ListItem","position":2,"name":"Seguridad"}]},{"@type":"WebSite","@id":"http:\/\/10.20.15.237:8080\/#website","url":"http:\/\/10.20.15.237:8080\/","name":"a BCP Global","description":"","publisher":{"@id":"http:\/\/10.20.15.237:8080\/#organization"},"potentialAction":[{"@type":"SearchAction","target":{"@type":"EntryPoint","urlTemplate":"http:\/\/10.20.15.237:8080\/?s={search_term_string}"},"query-input":{"@type":"PropertyValueSpecification","valueRequired":true,"valueName":"search_term_string"}}],"inLanguage":"pt-BR"},{"@type":"Organization","@id":"http:\/\/10.20.15.237:8080\/#organization","name":"a BCP Global","url":"http:\/\/10.20.15.237:8080\/","logo":{"@type":"ImageObject","inLanguage":"pt-BR","@id":"http:\/\/10.20.15.237:8080\/#\/schema\/logo\/image\/","url":"http:\/\/10.20.13.46:8080\/wp-content\/uploads\/2024\/10\/favicon.png","contentUrl":"http:\/\/10.20.13.46:8080\/wp-content\/uploads\/2024\/10\/favicon.png","width":196,"height":196,"caption":"BCP Global"},"image":{"@id":"http:\/\/10.20.15.237:8080\/#\/schema\/logo\/image\/"},"sameAs":["https:\/\/www.facebook.com\/bcpglobal\/","https:\/\/x.com\/bcpglobalinvest","https:\/\/www.youtube.com\/@bcpglobal9094","https:\/\/www.instagram.com\/bcpglobal\/?hl=en","https:\/\/www.linkedin.com\/company\/bcpglobal\/"]}]}},"_links":{"self":[{"href":"https:\/\/bcpglobal.com\/pt\/wp-json\/wp\/v2\/pages\/3805","targetHints":{"allow":["GET"]}}],"collection":[{"href":"https:\/\/bcpglobal.com\/pt\/wp-json\/wp\/v2\/pages"}],"about":[{"href":"https:\/\/bcpglobal.com\/pt\/wp-json\/wp\/v2\/types\/page"}],"author":[{"embeddable":true,"href":"https:\/\/bcpglobal.com\/pt\/wp-json\/wp\/v2\/users\/5"}],"replies":[{"embeddable":true,"href":"https:\/\/bcpglobal.com\/pt\/wp-json\/wp\/v2\/comments?post=3805"}],"version-history":[{"count":76,"href":"https:\/\/bcpglobal.com\/pt\/wp-json\/wp\/v2\/pages\/3805\/revisions"}],"predecessor-version":[{"id":3980,"href":"https:\/\/bcpglobal.com\/pt\/wp-json\/wp\/v2\/pages\/3805\/revisions\/3980"}],"wp:attachment":[{"href":"https:\/\/bcpglobal.com\/pt\/wp-json\/wp\/v2\/media?parent=3805"}],"curies":[{"name":"wp","href":"https:\/\/api.w.org\/{rel}","templated":true}]}}