{"id":377,"date":"2021-12-27T12:05:03","date_gmt":"2021-12-27T12:05:03","guid":{"rendered":"https:\/\/new-website.bcpglobal.com\/service-details\/"},"modified":"2025-03-28T16:20:33","modified_gmt":"2025-03-28T16:20:33","slug":"demo","status":"publish","type":"page","link":"https:\/\/bcpglobal.com\/pt\/demo\/","title":{"rendered":"demo"},"content":{"rendered":"<div data-elementor-type=\"wp-page\" data-elementor-id=\"377\" class=\"elementor elementor-377\" data-elementor-settings=\"{&quot;element_pack_global_tooltip_width&quot;:{&quot;unit&quot;:&quot;px&quot;,&quot;size&quot;:&quot;&quot;,&quot;sizes&quot;:[]},&quot;element_pack_global_tooltip_width_tablet&quot;:{&quot;unit&quot;:&quot;px&quot;,&quot;size&quot;:&quot;&quot;,&quot;sizes&quot;:[]},&quot;element_pack_global_tooltip_width_mobile&quot;:{&quot;unit&quot;:&quot;px&quot;,&quot;size&quot;:&quot;&quot;,&quot;sizes&quot;:[]},&quot;element_pack_global_tooltip_padding&quot;:{&quot;unit&quot;:&quot;px&quot;,&quot;top&quot;:&quot;&quot;,&quot;right&quot;:&quot;&quot;,&quot;bottom&quot;:&quot;&quot;,&quot;left&quot;:&quot;&quot;,&quot;isLinked&quot;:true},&quot;element_pack_global_tooltip_padding_tablet&quot;:{&quot;unit&quot;:&quot;px&quot;,&quot;top&quot;:&quot;&quot;,&quot;right&quot;:&quot;&quot;,&quot;bottom&quot;:&quot;&quot;,&quot;left&quot;:&quot;&quot;,&quot;isLinked&quot;:true},&quot;element_pack_global_tooltip_padding_mobile&quot;:{&quot;unit&quot;:&quot;px&quot;,&quot;top&quot;:&quot;&quot;,&quot;right&quot;:&quot;&quot;,&quot;bottom&quot;:&quot;&quot;,&quot;left&quot;:&quot;&quot;,&quot;isLinked&quot;:true},&quot;element_pack_global_tooltip_border_radius&quot;:{&quot;unit&quot;:&quot;px&quot;,&quot;top&quot;:&quot;&quot;,&quot;right&quot;:&quot;&quot;,&quot;bottom&quot;:&quot;&quot;,&quot;left&quot;:&quot;&quot;,&quot;isLinked&quot;:true},&quot;element_pack_global_tooltip_border_radius_tablet&quot;:{&quot;unit&quot;:&quot;px&quot;,&quot;top&quot;:&quot;&quot;,&quot;right&quot;:&quot;&quot;,&quot;bottom&quot;:&quot;&quot;,&quot;left&quot;:&quot;&quot;,&quot;isLinked&quot;:true},&quot;element_pack_global_tooltip_border_radius_mobile&quot;:{&quot;unit&quot;:&quot;px&quot;,&quot;top&quot;:&quot;&quot;,&quot;right&quot;:&quot;&quot;,&quot;bottom&quot;:&quot;&quot;,&quot;left&quot;:&quot;&quot;,&quot;isLinked&quot;:true}}\" data-elementor-post-type=\"page\">\n\t\t\t\t\t\t<section class=\"elementor-section elementor-top-section elementor-element elementor-element-98c5abd elementor-section-boxed elementor-section-height-default elementor-section-height-default\" data-id=\"98c5abd\" data-element_type=\"section\" data-settings=\"{&quot;background_background&quot;:&quot;classic&quot;}\">\n\t\t\t\t\t\t<div class=\"elementor-container elementor-column-gap-default\">\n\t\t\t\t\t<div class=\"elementor-column elementor-col-50 elementor-top-column elementor-element elementor-element-6bf4fa3 elementor-invisible\" data-id=\"6bf4fa3\" data-element_type=\"column\" data-settings=\"{&quot;animation&quot;:&quot;fadeInUp&quot;}\">\n\t\t\t<div class=\"elementor-widget-wrap elementor-element-populated\">\n\t\t\t\t\t\t<div class=\"elementor-element elementor-element-5d1e975 animated-fast elementor-invisible elementor-widget elementor-widget-heading\" data-id=\"5d1e975\" data-element_type=\"widget\" data-settings=\"{&quot;_animation&quot;:&quot;fadeInUp&quot;,&quot;_animation_delay&quot;:100}\" data-widget_type=\"heading.default\">\n\t\t\t\t<div class=\"elementor-widget-container\">\n\t\t\t<h2 class=\"elementor-heading-title elementor-size-default\">Explore nosso <br> ecossistema digital com <br>Demo Invest!<\/h2>\t\t<\/div>\n\t\t\t\t<\/div>\n\t\t\t\t<div class=\"elementor-element elementor-element-b4096d0 animated-fast elementor-invisible elementor-widget elementor-widget-text-editor\" data-id=\"b4096d0\" data-element_type=\"widget\" data-settings=\"{&quot;_animation&quot;:&quot;fadeInUp&quot;,&quot;_animation_delay&quot;:200}\" data-widget_type=\"text-editor.default\">\n\t\t\t\t<div class=\"elementor-widget-container\">\n\t\t\t\t\t\t\t<p>Desbloqueie solu\u00e7\u00f5es avan\u00e7adas de gest\u00e3o de patrim\u00f4nio offshore, desenvolvidas para institui\u00e7\u00f5es financeiras. Solicite uma demonstra\u00e7\u00e3o personalizada da nossa plataforma digital 360\u00ba e descubra como capacitamos as institui\u00e7\u00f5es a atender clientes com precis\u00e3o e escalabilidade.<\/p>\t\t\t\t\t\t<\/div>\n\t\t\t\t<\/div>\n\t\t\t\t<div class=\"elementor-element elementor-element-f081653 animated-fast elementor-invisible elementor-widget elementor-widget-text-editor\" data-id=\"f081653\" data-element_type=\"widget\" data-settings=\"{&quot;_animation&quot;:&quot;fadeInUp&quot;,&quot;_animation_delay&quot;:200}\" data-widget_type=\"text-editor.default\">\n\t\t\t\t<div class=\"elementor-widget-container\">\n\t\t\t\t\t\t\t<p data-prosemirror-content-type=\"node\" data-prosemirror-node-name=\"paragraph\" data-prosemirror-node-block=\"true\" data-pm-slice=\"1 1 []\"><strong>Pr\u00e9via do demo:<br \/><\/strong><span style=\"color: var(--uicore-typography--h5-c,'#070707'); font-family: var(--uicore-typography--h5-f,'Inter'); font-size: var(--uicore-typography--h5-s,'10px'); font-style: var(--uicore-typography--h5-st,'normal'); font-weight: var(--uicore-typography--h5-w,'600'); letter-spacing: var(--uicore-typography--h5-ls,'-0.027em'); text-transform: var(--uicore-typography--h5-t,'none'); background-color: var( --e-global-color-uicore_light );\">Descubra todo o potencial da nossa tecnologia neste\u00a0breve\u00a0v\u00eddeo.<\/span><span style=\"color: var(--uicore-typography--h6-c,'#070707'); font-family: var(--uicore-typography--h6-f,'Inter'); font-style: var(--uicore-typography--h6-st,'normal'); font-weight: var(--uicore-typography--h6-w,'600'); text-transform: var(--uicore-typography--h6-t,'none'); font-size: var(--uicore-typography--h6-s,'10px'); letter-spacing: var(--uicore-typography--h6-ls,'-0.027em'); background-color: var( --e-global-color-uicore_light );\">\u00a0<\/span><\/p>\t\t\t\t\t\t<\/div>\n\t\t\t\t<\/div>\n\t\t\t\t<div class=\"elementor-element elementor-element-33ddd76 elementor-widget elementor-widget-button\" data-id=\"33ddd76\" data-element_type=\"widget\" data-widget_type=\"button.default\">\n\t\t\t\t<div class=\"elementor-widget-container\">\n\t\t\t\t\t<div class=\"elementor-button-wrapper\">\n\t\t\t<a class=\"elementor-button elementor-button-link elementor-size-sm\" href=\"#elementor-action%3Aaction%3Dpopup%3Aopen%26settings%3DeyJpZCI6IjM2MTYiLCJ0b2dnbGUiOmZhbHNlfQ%3D%3D\">\n\t\t\t\t\t\t<span class=\"elementor-button-content-wrapper\">\n\t\t\t\t\t\t\t\t\t<span class=\"elementor-button-text\">Veja o v\u00eddeo<\/span>\n\t\t\t\t\t<\/span>\n\t\t\t\t\t<\/a>\n\t\t<\/div>\n\t\t\t\t<\/div>\n\t\t\t\t<\/div>\n\t\t\t\t<div class=\"elementor-element elementor-element-00457a0 animated-fast elementor-invisible elementor-widget elementor-widget-text-editor\" data-id=\"00457a0\" data-element_type=\"widget\" data-settings=\"{&quot;_animation&quot;:&quot;fadeInUp&quot;,&quot;_animation_delay&quot;:200}\" data-widget_type=\"text-editor.default\">\n\t\t\t\t<div class=\"elementor-widget-container\">\n\t\t\t\t\t\t\t<ul><li><b>Explore o Ecossistema Digital 360\u00ba<\/b>: <br \/>Conhe\u00e7a uma plataforma integrada de gest\u00e3o de patrim\u00f4nio offshore.<\/li><li><b>Solu\u00e7\u00f5es para Gestores, Consultores e Clientes<\/b>: <br \/>Veja como cada usu\u00e1rio recebe uma experi\u00eancia personalizada.<\/li><\/ul><p class=\"p1\"><b>Transforme sua gest\u00e3o de patrim\u00f4nio offshore com <br> o BCP Global!<\/b><\/p>\t\t\t\t\t\t<\/div>\n\t\t\t\t<\/div>\n\t\t\t\t\t<\/div>\n\t\t<\/div>\n\t\t\t\t<div class=\"elementor-column elementor-col-50 elementor-top-column elementor-element elementor-element-0b792c1\" data-id=\"0b792c1\" data-element_type=\"column\">\n\t\t\t<div class=\"elementor-widget-wrap elementor-element-populated\">\n\t\t\t\t\t\t<div class=\"elementor-element elementor-element-4b07c3e elementor-widget elementor-widget-hubspot-form\" data-id=\"4b07c3e\" data-element_type=\"widget\" data-widget_type=\"hubspot-form.default\">\n\t\t\t\t<div class=\"elementor-widget-container\">\n\t\t\t\n\t\t\t\t\t\t<script>\n\t\t\t\t\t\t\twindow.hsFormsOnReady = window.hsFormsOnReady || [];\n\t\t\t\t\t\t\twindow.hsFormsOnReady.push(()=>{\n\t\t\t\t\t\t\t\thbspt.forms.create({\n\t\t\t\t\t\t\t\t\tportalId: 47412103,\n\t\t\t\t\t\t\t\t\tformId: \"3a66c0b7-3a48-4161-a608-8a0f07451ce6\",\n\t\t\t\t\t\t\t\t\ttarget: \"#hbspt-form-1775814771000-7107916735\",\n\t\t\t\t\t\t\t\t\tregion: \"\",\n\t\t\t\t\t\t\t\t\t\n\t\t\t\t\t\t\t})});\n\t\t\t\t\t\t<\/script>\n\t\t\t\t\t\t<div class=\"hbspt-form\" id=\"hbspt-form-1775814771000-7107916735\"><\/div>\t\t<\/div>\n\t\t\t\t<\/div>\n\t\t\t\t\t<\/div>\n\t\t<\/div>\n\t\t\t\t\t<\/div>\n\t\t<\/section>\n\t\t\t\t<\/div>","protected":false},"excerpt":{"rendered":"<p>Explore our Digital Ecosystem with Demo Invest! Unlock cutting-edge offshore wealth management solutions tailored for financial institutions. Request a personalized demo of [&hellip;]<\/p>","protected":false},"author":5,"featured_media":0,"parent":0,"menu_order":0,"comment_status":"closed","ping_status":"closed","template":"","meta":{"content-type":"","footnotes":""},"class_list":["post-377","page","type-page","status-publish","hentry"],"yoast_head":"<!-- This site is optimized with the Yoast SEO plugin v26.3 - https:\/\/yoast.com\/wordpress\/plugins\/seo\/ -->\n<title>Request Your Demo and Transform Your Financial Management<\/title>\n<meta name=\"description\" content=\"Request a demo at BCP Global and discover how our digital solutions can transform your institution\u2019s financial management.\" \/>\n<meta name=\"robots\" content=\"index, follow, max-snippet:-1, max-image-preview:large, max-video-preview:-1\" \/>\n<link rel=\"canonical\" href=\"https:\/\/bcpglobal.com\/pt\/demo\/\" \/>\n<meta property=\"og:locale\" content=\"pt_BR\" \/>\n<meta property=\"og:type\" content=\"article\" \/>\n<meta property=\"og:title\" content=\"Request Your Demo and Transform Your Financial Management\" \/>\n<meta property=\"og:description\" content=\"Request a demo at BCP Global and discover how our digital solutions can transform your institution\u2019s financial management.\" \/>\n<meta property=\"og:url\" content=\"https:\/\/bcpglobal.com\/pt\/demo\/\" \/>\n<meta property=\"og:site_name\" content=\"BCP Global\" \/>\n<meta property=\"article:publisher\" content=\"https:\/\/www.facebook.com\/bcpglobal\/\" \/>\n<meta property=\"article:modified_time\" content=\"2025-03-28T16:20:33+00:00\" \/>\n<meta name=\"twitter:card\" content=\"summary_large_image\" \/>\n<meta name=\"twitter:site\" content=\"@bcpglobalinvest\" \/>\n<meta name=\"twitter:label1\" content=\"Est. tempo de leitura\" \/>\n\t<meta name=\"twitter:data1\" content=\"1 minuto\" \/>\n<script type=\"application\/ld+json\" class=\"yoast-schema-graph\">{\"@context\":\"https:\/\/schema.org\",\"@graph\":[{\"@type\":\"WebPage\",\"@id\":\"https:\/\/bcpglobal.com\/es\/demo\/\",\"url\":\"https:\/\/bcpglobal.com\/es\/demo\/\",\"name\":\"Request Your Demo and Transform Your Financial Management\",\"isPartOf\":{\"@id\":\"http:\/\/10.20.15.237:8080\/#website\"},\"datePublished\":\"2021-12-27T12:05:03+00:00\",\"dateModified\":\"2025-03-28T16:20:33+00:00\",\"description\":\"Request a demo at BCP Global and discover how our digital solutions can transform your institution\u2019s financial management.\",\"breadcrumb\":{\"@id\":\"https:\/\/bcpglobal.com\/es\/demo\/#breadcrumb\"},\"inLanguage\":\"pt-BR\",\"potentialAction\":[{\"@type\":\"ReadAction\",\"target\":[\"https:\/\/bcpglobal.com\/es\/demo\/\"]}]},{\"@type\":\"BreadcrumbList\",\"@id\":\"https:\/\/bcpglobal.com\/es\/demo\/#breadcrumb\",\"itemListElement\":[{\"@type\":\"ListItem\",\"position\":1,\"name\":\"Home\",\"item\":\"http:\/\/10.20.15.237:8080\/\"},{\"@type\":\"ListItem\",\"position\":2,\"name\":\"demo\"}]},{\"@type\":\"WebSite\",\"@id\":\"http:\/\/10.20.15.237:8080\/#website\",\"url\":\"http:\/\/10.20.15.237:8080\/\",\"name\":\"BCP Global\",\"description\":\"\",\"publisher\":{\"@id\":\"http:\/\/10.20.15.237:8080\/#organization\"},\"potentialAction\":[{\"@type\":\"SearchAction\",\"target\":{\"@type\":\"EntryPoint\",\"urlTemplate\":\"http:\/\/10.20.15.237:8080\/?s={search_term_string}\"},\"query-input\":{\"@type\":\"PropertyValueSpecification\",\"valueRequired\":true,\"valueName\":\"search_term_string\"}}],\"inLanguage\":\"pt-BR\"},{\"@type\":\"Organization\",\"@id\":\"http:\/\/10.20.15.237:8080\/#organization\",\"name\":\"BCP Global\",\"url\":\"http:\/\/10.20.15.237:8080\/\",\"logo\":{\"@type\":\"ImageObject\",\"inLanguage\":\"pt-BR\",\"@id\":\"http:\/\/10.20.15.237:8080\/#\/schema\/logo\/image\/\",\"url\":\"http:\/\/10.20.13.46:8080\/wp-content\/uploads\/2024\/10\/favicon.png\",\"contentUrl\":\"http:\/\/10.20.13.46:8080\/wp-content\/uploads\/2024\/10\/favicon.png\",\"width\":196,\"height\":196,\"caption\":\"BCP Global\"},\"image\":{\"@id\":\"http:\/\/10.20.15.237:8080\/#\/schema\/logo\/image\/\"},\"sameAs\":[\"https:\/\/www.facebook.com\/bcpglobal\/\",\"https:\/\/x.com\/bcpglobalinvest\",\"https:\/\/www.youtube.com\/@bcpglobal9094\",\"https:\/\/www.instagram.com\/bcpglobal\/?hl=en\",\"https:\/\/www.linkedin.com\/company\/bcpglobal\/\"]}]}<\/script>\n<!-- \/ Yoast SEO plugin. -->","yoast_head_json":{"title":"Request Your Demo and Transform Your Financial Management","description":"Request a demo at BCP Global and discover how our digital solutions can transform your institution\u2019s financial management.","robots":{"index":"index","follow":"follow","max-snippet":"max-snippet:-1","max-image-preview":"max-image-preview:large","max-video-preview":"max-video-preview:-1"},"canonical":"https:\/\/bcpglobal.com\/pt\/demo\/","og_locale":"pt_BR","og_type":"article","og_title":"Request Your Demo and Transform Your Financial Management","og_description":"Request a demo at BCP Global and discover how our digital solutions can transform your institution\u2019s financial management.","og_url":"https:\/\/bcpglobal.com\/pt\/demo\/","og_site_name":"BCP Global","article_publisher":"https:\/\/www.facebook.com\/bcpglobal\/","article_modified_time":"2025-03-28T16:20:33+00:00","twitter_card":"summary_large_image","twitter_site":"@bcpglobalinvest","twitter_misc":{"Est. tempo de leitura":"1 minuto"},"schema":{"@context":"https:\/\/schema.org","@graph":[{"@type":"WebPage","@id":"https:\/\/bcpglobal.com\/es\/demo\/","url":"https:\/\/bcpglobal.com\/es\/demo\/","name":"Request Your Demo and Transform Your Financial Management","isPartOf":{"@id":"http:\/\/10.20.15.237:8080\/#website"},"datePublished":"2021-12-27T12:05:03+00:00","dateModified":"2025-03-28T16:20:33+00:00","description":"Request a demo at BCP Global and discover how our digital solutions can transform your institution\u2019s financial management.","breadcrumb":{"@id":"https:\/\/bcpglobal.com\/es\/demo\/#breadcrumb"},"inLanguage":"pt-BR","potentialAction":[{"@type":"ReadAction","target":["https:\/\/bcpglobal.com\/es\/demo\/"]}]},{"@type":"BreadcrumbList","@id":"https:\/\/bcpglobal.com\/es\/demo\/#breadcrumb","itemListElement":[{"@type":"ListItem","position":1,"name":"Home","item":"http:\/\/10.20.15.237:8080\/"},{"@type":"ListItem","position":2,"name":"demo"}]},{"@type":"WebSite","@id":"http:\/\/10.20.15.237:8080\/#website","url":"http:\/\/10.20.15.237:8080\/","name":"a BCP Global","description":"","publisher":{"@id":"http:\/\/10.20.15.237:8080\/#organization"},"potentialAction":[{"@type":"SearchAction","target":{"@type":"EntryPoint","urlTemplate":"http:\/\/10.20.15.237:8080\/?s={search_term_string}"},"query-input":{"@type":"PropertyValueSpecification","valueRequired":true,"valueName":"search_term_string"}}],"inLanguage":"pt-BR"},{"@type":"Organization","@id":"http:\/\/10.20.15.237:8080\/#organization","name":"a BCP Global","url":"http:\/\/10.20.15.237:8080\/","logo":{"@type":"ImageObject","inLanguage":"pt-BR","@id":"http:\/\/10.20.15.237:8080\/#\/schema\/logo\/image\/","url":"http:\/\/10.20.13.46:8080\/wp-content\/uploads\/2024\/10\/favicon.png","contentUrl":"http:\/\/10.20.13.46:8080\/wp-content\/uploads\/2024\/10\/favicon.png","width":196,"height":196,"caption":"BCP Global"},"image":{"@id":"http:\/\/10.20.15.237:8080\/#\/schema\/logo\/image\/"},"sameAs":["https:\/\/www.facebook.com\/bcpglobal\/","https:\/\/x.com\/bcpglobalinvest","https:\/\/www.youtube.com\/@bcpglobal9094","https:\/\/www.instagram.com\/bcpglobal\/?hl=en","https:\/\/www.linkedin.com\/company\/bcpglobal\/"]}]}},"_links":{"self":[{"href":"https:\/\/bcpglobal.com\/pt\/wp-json\/wp\/v2\/pages\/377","targetHints":{"allow":["GET"]}}],"collection":[{"href":"https:\/\/bcpglobal.com\/pt\/wp-json\/wp\/v2\/pages"}],"about":[{"href":"https:\/\/bcpglobal.com\/pt\/wp-json\/wp\/v2\/types\/page"}],"author":[{"embeddable":true,"href":"https:\/\/bcpglobal.com\/pt\/wp-json\/wp\/v2\/users\/5"}],"replies":[{"embeddable":true,"href":"https:\/\/bcpglobal.com\/pt\/wp-json\/wp\/v2\/comments?post=377"}],"version-history":[{"count":56,"href":"https:\/\/bcpglobal.com\/pt\/wp-json\/wp\/v2\/pages\/377\/revisions"}],"predecessor-version":[{"id":3647,"href":"https:\/\/bcpglobal.com\/pt\/wp-json\/wp\/v2\/pages\/377\/revisions\/3647"}],"wp:attachment":[{"href":"https:\/\/bcpglobal.com\/pt\/wp-json\/wp\/v2\/media?parent=377"}],"curies":[{"name":"wp","href":"https:\/\/api.w.org\/{rel}","templated":true}]}}