{"id":376,"date":"2022-01-04T14:25:39","date_gmt":"2022-01-04T14:25:39","guid":{"rendered":"https:\/\/new-website.bcpglobal.com\/contact\/"},"modified":"2024-09-26T14:55:49","modified_gmt":"2024-09-26T14:55:49","slug":"contact","status":"publish","type":"page","link":"https:\/\/bcpglobal.com\/pt\/contact\/","title":{"rendered":"Contate-nos"},"content":{"rendered":"<div data-elementor-type=\"wp-page\" data-elementor-id=\"376\" class=\"elementor elementor-376\" data-elementor-settings=\"{&quot;element_pack_global_tooltip_width&quot;:{&quot;unit&quot;:&quot;px&quot;,&quot;size&quot;:&quot;&quot;,&quot;sizes&quot;:[]},&quot;element_pack_global_tooltip_width_tablet&quot;:{&quot;unit&quot;:&quot;px&quot;,&quot;size&quot;:&quot;&quot;,&quot;sizes&quot;:[]},&quot;element_pack_global_tooltip_width_mobile&quot;:{&quot;unit&quot;:&quot;px&quot;,&quot;size&quot;:&quot;&quot;,&quot;sizes&quot;:[]},&quot;element_pack_global_tooltip_padding&quot;:{&quot;unit&quot;:&quot;px&quot;,&quot;top&quot;:&quot;&quot;,&quot;right&quot;:&quot;&quot;,&quot;bottom&quot;:&quot;&quot;,&quot;left&quot;:&quot;&quot;,&quot;isLinked&quot;:true},&quot;element_pack_global_tooltip_padding_tablet&quot;:{&quot;unit&quot;:&quot;px&quot;,&quot;top&quot;:&quot;&quot;,&quot;right&quot;:&quot;&quot;,&quot;bottom&quot;:&quot;&quot;,&quot;left&quot;:&quot;&quot;,&quot;isLinked&quot;:true},&quot;element_pack_global_tooltip_padding_mobile&quot;:{&quot;unit&quot;:&quot;px&quot;,&quot;top&quot;:&quot;&quot;,&quot;right&quot;:&quot;&quot;,&quot;bottom&quot;:&quot;&quot;,&quot;left&quot;:&quot;&quot;,&quot;isLinked&quot;:true},&quot;element_pack_global_tooltip_border_radius&quot;:{&quot;unit&quot;:&quot;px&quot;,&quot;top&quot;:&quot;&quot;,&quot;right&quot;:&quot;&quot;,&quot;bottom&quot;:&quot;&quot;,&quot;left&quot;:&quot;&quot;,&quot;isLinked&quot;:true},&quot;element_pack_global_tooltip_border_radius_tablet&quot;:{&quot;unit&quot;:&quot;px&quot;,&quot;top&quot;:&quot;&quot;,&quot;right&quot;:&quot;&quot;,&quot;bottom&quot;:&quot;&quot;,&quot;left&quot;:&quot;&quot;,&quot;isLinked&quot;:true},&quot;element_pack_global_tooltip_border_radius_mobile&quot;:{&quot;unit&quot;:&quot;px&quot;,&quot;top&quot;:&quot;&quot;,&quot;right&quot;:&quot;&quot;,&quot;bottom&quot;:&quot;&quot;,&quot;left&quot;:&quot;&quot;,&quot;isLinked&quot;:true}}\" data-elementor-post-type=\"page\">\n\t\t\t\t\t\t<section class=\"elementor-section elementor-top-section elementor-element elementor-element-590d13dd elementor-section-boxed elementor-section-height-default elementor-section-height-default\" data-id=\"590d13dd\" data-element_type=\"section\" data-settings=\"{&quot;background_background&quot;:&quot;classic&quot;}\">\n\t\t\t\t\t\t<div class=\"elementor-container elementor-column-gap-default\">\n\t\t\t\t\t<div class=\"elementor-column elementor-col-50 elementor-top-column elementor-element elementor-element-3d62de6f elementor-invisible\" data-id=\"3d62de6f\" data-element_type=\"column\" data-settings=\"{&quot;animation&quot;:&quot;fadeInUp&quot;}\">\n\t\t\t<div class=\"elementor-widget-wrap elementor-element-populated\">\n\t\t\t\t\t\t<div class=\"elementor-element elementor-element-246dc965 animated-fast elementor-invisible elementor-widget elementor-widget-heading\" data-id=\"246dc965\" data-element_type=\"widget\" data-settings=\"{&quot;_animation&quot;:&quot;fadeInUp&quot;,&quot;_animation_delay&quot;:100}\" data-widget_type=\"heading.default\">\n\t\t\t\t<div class=\"elementor-widget-container\">\n\t\t\t<h2 class=\"elementor-heading-title elementor-size-default\">Entre em contato!<\/h2>\t\t<\/div>\n\t\t\t\t<\/div>\n\t\t\t\t<div class=\"elementor-element elementor-element-5fc005d5 animated-fast elementor-invisible elementor-widget elementor-widget-text-editor\" data-id=\"5fc005d5\" data-element_type=\"widget\" data-settings=\"{&quot;_animation&quot;:&quot;fadeInUp&quot;,&quot;_animation_delay&quot;:200}\" data-widget_type=\"text-editor.default\">\n\t\t\t\t<div class=\"elementor-widget-container\">\n\t\t\t\t\t\t\t<p class=\"p1\">Descubra como as nossas solu\u00e7\u00f5es digitais podem transformar o seu neg\u00f3cio.<\/p><p class=\"p1\"><span style=\"color: #070707;\"><strong>Preencha o formul\u00e1rio abaixo para agendar uma liga\u00e7\u00e3o com nossa equipe de especialistas.<\/strong><\/span><\/p><p class=\"p3\">+1 305-415-0060<br \/><a href=\"mailto:info@bcpglobal.com\">info@bcpglobal.com<\/a><br \/>175 SW 7th St Suite 2310, Miami, FL 33130, United States<\/p>\t\t\t\t\t\t<\/div>\n\t\t\t\t<\/div>\n\t\t\t\t<div class=\"elementor-element elementor-element-3fa77c7 elementor-widget__width-initial elementor-widget elementor-widget-html\" data-id=\"3fa77c7\" data-element_type=\"widget\" data-widget_type=\"html.default\">\n\t\t\t\t<div class=\"elementor-widget-container\">\n\t\t\t<iframe src=\"https:\/\/www.google.com\/maps\/embed?pb=!1m14!1m8!1m3!1d57489.43790286246!2d-80.196877!3d25.767595!3m2!1i1024!2i768!4f13.1!3m3!1m2!1s0x88d9b73df3f032cd%3A0x85bcf8db4e52ed77!2sBCP%20GLOBAL!5e0!3m2!1sen!2sve!4v1726514339186!5m2!1sen!2sve\" width=\"100%\" height=\"450\" style=\"border:0;\" allowfullscreen=\"\" loading=\"lazy\" referrerpolicy=\"no-referrer-when-downgrade\"><\/iframe>\t\t<\/div>\n\t\t\t\t<\/div>\n\t\t\t\t\t<\/div>\n\t\t<\/div>\n\t\t\t\t<div class=\"elementor-column elementor-col-50 elementor-top-column elementor-element elementor-element-fdd9d8\" data-id=\"fdd9d8\" data-element_type=\"column\">\n\t\t\t<div class=\"elementor-widget-wrap elementor-element-populated\">\n\t\t\t\t\t\t<div class=\"elementor-element elementor-element-a92fabd elementor-widget elementor-widget-hubspot-form\" data-id=\"a92fabd\" data-element_type=\"widget\" data-widget_type=\"hubspot-form.default\">\n\t\t\t\t<div class=\"elementor-widget-container\">\n\t\t\t\n\t\t\t\t\t\t<script>\n\t\t\t\t\t\t\twindow.hsFormsOnReady = window.hsFormsOnReady || [];\n\t\t\t\t\t\t\twindow.hsFormsOnReady.push(()=>{\n\t\t\t\t\t\t\t\thbspt.forms.create({\n\t\t\t\t\t\t\t\t\tportalId: 47412103,\n\t\t\t\t\t\t\t\t\tformId: \"aebbe118-3085-400b-b461-bb13b492f7b9\",\n\t\t\t\t\t\t\t\t\ttarget: \"#hbspt-form-1775814557000-3898551702\",\n\t\t\t\t\t\t\t\t\tregion: \"\",\n\t\t\t\t\t\t\t\t\t\n\t\t\t\t\t\t\t})});\n\t\t\t\t\t\t<\/script>\n\t\t\t\t\t\t<div class=\"hbspt-form\" id=\"hbspt-form-1775814557000-3898551702\"><\/div>\t\t<\/div>\n\t\t\t\t<\/div>\n\t\t\t\t\t<\/div>\n\t\t<\/div>\n\t\t\t\t\t<\/div>\n\t\t<\/section>\n\t\t\t\t<\/div>","protected":false},"excerpt":{"rendered":"<p>Get in touch! Discover how our digital solutions can transform your business. Fill out the form below to schedule a callback from [&hellip;]<\/p>","protected":false},"author":5,"featured_media":0,"parent":0,"menu_order":0,"comment_status":"closed","ping_status":"closed","template":"","meta":{"content-type":"","footnotes":""},"class_list":["post-376","page","type-page","status-publish","hentry"],"yoast_head":"<!-- This site is optimized with the Yoast SEO plugin v26.3 - https:\/\/yoast.com\/wordpress\/plugins\/seo\/ -->\n<title>Contact - BCP Global<\/title>\n<meta name=\"robots\" content=\"index, follow, max-snippet:-1, max-image-preview:large, max-video-preview:-1\" \/>\n<link rel=\"canonical\" href=\"https:\/\/bcpglobal.com\/pt\/contact\/\" \/>\n<meta property=\"og:locale\" content=\"pt_BR\" \/>\n<meta property=\"og:type\" content=\"article\" \/>\n<meta property=\"og:title\" content=\"Contact - BCP Global\" \/>\n<meta property=\"og:description\" content=\"Get in touch! Discover how our digital solutions can transform your business. Fill out the form below to schedule a callback from [&hellip;]\" \/>\n<meta property=\"og:url\" content=\"https:\/\/bcpglobal.com\/pt\/contact\/\" \/>\n<meta property=\"og:site_name\" content=\"BCP Global\" \/>\n<meta property=\"article:publisher\" content=\"https:\/\/www.facebook.com\/bcpglobal\/\" \/>\n<meta property=\"article:modified_time\" content=\"2024-09-26T14:55:49+00:00\" \/>\n<meta name=\"twitter:card\" content=\"summary_large_image\" \/>\n<meta name=\"twitter:site\" content=\"@bcpglobalinvest\" \/>\n<script type=\"application\/ld+json\" class=\"yoast-schema-graph\">{\"@context\":\"https:\/\/schema.org\",\"@graph\":[{\"@type\":\"WebPage\",\"@id\":\"https:\/\/bcpglobal.com\/contact\/\",\"url\":\"https:\/\/bcpglobal.com\/contact\/\",\"name\":\"Contact - BCP Global\",\"isPartOf\":{\"@id\":\"http:\/\/10.20.15.237:8080\/#website\"},\"datePublished\":\"2022-01-04T14:25:39+00:00\",\"dateModified\":\"2024-09-26T14:55:49+00:00\",\"breadcrumb\":{\"@id\":\"https:\/\/bcpglobal.com\/contact\/#breadcrumb\"},\"inLanguage\":\"pt-BR\",\"potentialAction\":[{\"@type\":\"ReadAction\",\"target\":[\"https:\/\/bcpglobal.com\/contact\/\"]}]},{\"@type\":\"BreadcrumbList\",\"@id\":\"https:\/\/bcpglobal.com\/contact\/#breadcrumb\",\"itemListElement\":[{\"@type\":\"ListItem\",\"position\":1,\"name\":\"Home\",\"item\":\"http:\/\/10.20.15.237:8080\/\"},{\"@type\":\"ListItem\",\"position\":2,\"name\":\"Contact\"}]},{\"@type\":\"WebSite\",\"@id\":\"http:\/\/10.20.15.237:8080\/#website\",\"url\":\"http:\/\/10.20.15.237:8080\/\",\"name\":\"BCP Global\",\"description\":\"\",\"publisher\":{\"@id\":\"http:\/\/10.20.15.237:8080\/#organization\"},\"potentialAction\":[{\"@type\":\"SearchAction\",\"target\":{\"@type\":\"EntryPoint\",\"urlTemplate\":\"http:\/\/10.20.15.237:8080\/?s={search_term_string}\"},\"query-input\":{\"@type\":\"PropertyValueSpecification\",\"valueRequired\":true,\"valueName\":\"search_term_string\"}}],\"inLanguage\":\"pt-BR\"},{\"@type\":\"Organization\",\"@id\":\"http:\/\/10.20.15.237:8080\/#organization\",\"name\":\"BCP Global\",\"url\":\"http:\/\/10.20.15.237:8080\/\",\"logo\":{\"@type\":\"ImageObject\",\"inLanguage\":\"pt-BR\",\"@id\":\"http:\/\/10.20.15.237:8080\/#\/schema\/logo\/image\/\",\"url\":\"http:\/\/10.20.13.46:8080\/wp-content\/uploads\/2024\/10\/favicon.png\",\"contentUrl\":\"http:\/\/10.20.13.46:8080\/wp-content\/uploads\/2024\/10\/favicon.png\",\"width\":196,\"height\":196,\"caption\":\"BCP Global\"},\"image\":{\"@id\":\"http:\/\/10.20.15.237:8080\/#\/schema\/logo\/image\/\"},\"sameAs\":[\"https:\/\/www.facebook.com\/bcpglobal\/\",\"https:\/\/x.com\/bcpglobalinvest\",\"https:\/\/www.youtube.com\/@bcpglobal9094\",\"https:\/\/www.instagram.com\/bcpglobal\/?hl=en\",\"https:\/\/www.linkedin.com\/company\/bcpglobal\/\"]}]}<\/script>\n<!-- \/ Yoast SEO plugin. -->","yoast_head_json":{"title":"Contact - BCP Global","robots":{"index":"index","follow":"follow","max-snippet":"max-snippet:-1","max-image-preview":"max-image-preview:large","max-video-preview":"max-video-preview:-1"},"canonical":"https:\/\/bcpglobal.com\/pt\/contact\/","og_locale":"pt_BR","og_type":"article","og_title":"Contact - BCP Global","og_description":"Get in touch! Discover how our digital solutions can transform your business. Fill out the form below to schedule a callback from [&hellip;]","og_url":"https:\/\/bcpglobal.com\/pt\/contact\/","og_site_name":"BCP Global","article_publisher":"https:\/\/www.facebook.com\/bcpglobal\/","article_modified_time":"2024-09-26T14:55:49+00:00","twitter_card":"summary_large_image","twitter_site":"@bcpglobalinvest","schema":{"@context":"https:\/\/schema.org","@graph":[{"@type":"WebPage","@id":"https:\/\/bcpglobal.com\/contact\/","url":"https:\/\/bcpglobal.com\/contact\/","name":"Contact - BCP Global","isPartOf":{"@id":"http:\/\/10.20.15.237:8080\/#website"},"datePublished":"2022-01-04T14:25:39+00:00","dateModified":"2024-09-26T14:55:49+00:00","breadcrumb":{"@id":"https:\/\/bcpglobal.com\/contact\/#breadcrumb"},"inLanguage":"pt-BR","potentialAction":[{"@type":"ReadAction","target":["https:\/\/bcpglobal.com\/contact\/"]}]},{"@type":"BreadcrumbList","@id":"https:\/\/bcpglobal.com\/contact\/#breadcrumb","itemListElement":[{"@type":"ListItem","position":1,"name":"Home","item":"http:\/\/10.20.15.237:8080\/"},{"@type":"ListItem","position":2,"name":"Contact"}]},{"@type":"WebSite","@id":"http:\/\/10.20.15.237:8080\/#website","url":"http:\/\/10.20.15.237:8080\/","name":"a BCP Global","description":"","publisher":{"@id":"http:\/\/10.20.15.237:8080\/#organization"},"potentialAction":[{"@type":"SearchAction","target":{"@type":"EntryPoint","urlTemplate":"http:\/\/10.20.15.237:8080\/?s={search_term_string}"},"query-input":{"@type":"PropertyValueSpecification","valueRequired":true,"valueName":"search_term_string"}}],"inLanguage":"pt-BR"},{"@type":"Organization","@id":"http:\/\/10.20.15.237:8080\/#organization","name":"a BCP Global","url":"http:\/\/10.20.15.237:8080\/","logo":{"@type":"ImageObject","inLanguage":"pt-BR","@id":"http:\/\/10.20.15.237:8080\/#\/schema\/logo\/image\/","url":"http:\/\/10.20.13.46:8080\/wp-content\/uploads\/2024\/10\/favicon.png","contentUrl":"http:\/\/10.20.13.46:8080\/wp-content\/uploads\/2024\/10\/favicon.png","width":196,"height":196,"caption":"BCP Global"},"image":{"@id":"http:\/\/10.20.15.237:8080\/#\/schema\/logo\/image\/"},"sameAs":["https:\/\/www.facebook.com\/bcpglobal\/","https:\/\/x.com\/bcpglobalinvest","https:\/\/www.youtube.com\/@bcpglobal9094","https:\/\/www.instagram.com\/bcpglobal\/?hl=en","https:\/\/www.linkedin.com\/company\/bcpglobal\/"]}]}},"_links":{"self":[{"href":"https:\/\/bcpglobal.com\/pt\/wp-json\/wp\/v2\/pages\/376","targetHints":{"allow":["GET"]}}],"collection":[{"href":"https:\/\/bcpglobal.com\/pt\/wp-json\/wp\/v2\/pages"}],"about":[{"href":"https:\/\/bcpglobal.com\/pt\/wp-json\/wp\/v2\/types\/page"}],"author":[{"embeddable":true,"href":"https:\/\/bcpglobal.com\/pt\/wp-json\/wp\/v2\/users\/5"}],"replies":[{"embeddable":true,"href":"https:\/\/bcpglobal.com\/pt\/wp-json\/wp\/v2\/comments?post=376"}],"version-history":[{"count":55,"href":"https:\/\/bcpglobal.com\/pt\/wp-json\/wp\/v2\/pages\/376\/revisions"}],"predecessor-version":[{"id":3367,"href":"https:\/\/bcpglobal.com\/pt\/wp-json\/wp\/v2\/pages\/376\/revisions\/3367"}],"wp:attachment":[{"href":"https:\/\/bcpglobal.com\/pt\/wp-json\/wp\/v2\/media?parent=376"}],"curies":[{"name":"wp","href":"https:\/\/api.w.org\/{rel}","templated":true}]}}