{"id":2203,"date":"2024-09-16T21:18:09","date_gmt":"2024-09-16T21:18:09","guid":{"rendered":"https:\/\/new-website.bcpglobal.com\/?page_id=2203"},"modified":"2025-11-10T13:02:16","modified_gmt":"2025-11-10T13:02:16","slug":"strategic-alliance","status":"publish","type":"page","link":"https:\/\/bcpglobal.com\/pt\/strategic-alliance\/","title":{"rendered":"Alian\u00e7as estrat\u00e9gicas"},"content":{"rendered":"<div data-elementor-type=\"wp-page\" data-elementor-id=\"2203\" class=\"elementor elementor-2203\" data-elementor-settings=\"{&quot;element_pack_global_tooltip_width&quot;:{&quot;unit&quot;:&quot;px&quot;,&quot;size&quot;:&quot;&quot;,&quot;sizes&quot;:[]},&quot;element_pack_global_tooltip_width_tablet&quot;:{&quot;unit&quot;:&quot;px&quot;,&quot;size&quot;:&quot;&quot;,&quot;sizes&quot;:[]},&quot;element_pack_global_tooltip_width_mobile&quot;:{&quot;unit&quot;:&quot;px&quot;,&quot;size&quot;:&quot;&quot;,&quot;sizes&quot;:[]},&quot;element_pack_global_tooltip_padding&quot;:{&quot;unit&quot;:&quot;px&quot;,&quot;top&quot;:&quot;&quot;,&quot;right&quot;:&quot;&quot;,&quot;bottom&quot;:&quot;&quot;,&quot;left&quot;:&quot;&quot;,&quot;isLinked&quot;:true},&quot;element_pack_global_tooltip_padding_tablet&quot;:{&quot;unit&quot;:&quot;px&quot;,&quot;top&quot;:&quot;&quot;,&quot;right&quot;:&quot;&quot;,&quot;bottom&quot;:&quot;&quot;,&quot;left&quot;:&quot;&quot;,&quot;isLinked&quot;:true},&quot;element_pack_global_tooltip_padding_mobile&quot;:{&quot;unit&quot;:&quot;px&quot;,&quot;top&quot;:&quot;&quot;,&quot;right&quot;:&quot;&quot;,&quot;bottom&quot;:&quot;&quot;,&quot;left&quot;:&quot;&quot;,&quot;isLinked&quot;:true},&quot;element_pack_global_tooltip_border_radius&quot;:{&quot;unit&quot;:&quot;px&quot;,&quot;top&quot;:&quot;&quot;,&quot;right&quot;:&quot;&quot;,&quot;bottom&quot;:&quot;&quot;,&quot;left&quot;:&quot;&quot;,&quot;isLinked&quot;:true},&quot;element_pack_global_tooltip_border_radius_tablet&quot;:{&quot;unit&quot;:&quot;px&quot;,&quot;top&quot;:&quot;&quot;,&quot;right&quot;:&quot;&quot;,&quot;bottom&quot;:&quot;&quot;,&quot;left&quot;:&quot;&quot;,&quot;isLinked&quot;:true},&quot;element_pack_global_tooltip_border_radius_mobile&quot;:{&quot;unit&quot;:&quot;px&quot;,&quot;top&quot;:&quot;&quot;,&quot;right&quot;:&quot;&quot;,&quot;bottom&quot;:&quot;&quot;,&quot;left&quot;:&quot;&quot;,&quot;isLinked&quot;:true}}\" data-elementor-post-type=\"page\">\n\t\t\t\t\t\t<div class=\"elementor-section elementor-top-section elementor-element elementor-element-3a75be17 elementor-section-boxed elementor-section-height-default elementor-section-height-default\" data-id=\"3a75be17\" data-element_type=\"section\" data-settings=\"{&quot;background_background&quot;:&quot;classic&quot;}\">\n\t\t\t\t\t\t<div class=\"elementor-container elementor-column-gap-no\">\n\t\t\t\t\t<div class=\"elementor-column elementor-col-100 elementor-top-column elementor-element elementor-element-3fd46736\" data-id=\"3fd46736\" data-element_type=\"column\">\n\t\t\t<div class=\"elementor-widget-wrap elementor-element-populated\">\n\t\t\t\t\t\t<div class=\"elementor-element elementor-element-10ee4c01 elementor-invisible elementor-widget elementor-widget-heading\" data-id=\"10ee4c01\" data-element_type=\"widget\" data-settings=\"{&quot;_animation&quot;:&quot;fadeInUp&quot;,&quot;_animation_delay&quot;:300}\" data-widget_type=\"heading.default\">\n\t\t\t\t<div class=\"elementor-widget-container\">\n\t\t\t<h2 class=\"elementor-heading-title elementor-size-default\">Acreditamos no poder da colabora\u00e7\u00e3o! <\/h2>\t\t<\/div>\n\t\t\t\t<\/div>\n\t\t\t\t<div class=\"elementor-element elementor-element-b5cc380 elementor-invisible elementor-widget elementor-widget-text-editor\" data-id=\"b5cc380\" data-element_type=\"widget\" data-settings=\"{&quot;_animation&quot;:&quot;fadeInUp&quot;,&quot;_animation_delay&quot;:400}\" data-widget_type=\"text-editor.default\">\n\t\t\t\t<div class=\"elementor-widget-container\">\n\t\t\t\t\t\t\t<p>Nossas alian\u00e7as estrat\u00e9gicas com l\u00edderes da\nind\u00fastria exemplificam <br> nosso compromisso em fornecer solu\u00e7\u00f5es financeiras de primeira classe.<\/p>\t\t\t\t\t\t<\/div>\n\t\t\t\t<\/div>\n\t\t\t\t<section class=\"elementor-section elementor-inner-section elementor-element elementor-element-310866 elementor-section-boxed elementor-section-height-default elementor-section-height-default elementor-invisible\" data-id=\"310866\" data-element_type=\"section\" data-settings=\"{&quot;animation&quot;:&quot;zoomOutUp&quot;}\">\n\t\t\t\t\t\t<div class=\"elementor-container elementor-column-gap-default\">\n\t\t\t\t\t<div class=\"elementor-column elementor-col-33 elementor-inner-column elementor-element elementor-element-1af4b636\" data-id=\"1af4b636\" data-element_type=\"column\" data-settings=\"{&quot;background_background&quot;:&quot;classic&quot;}\">\n\t\t\t<div class=\"elementor-widget-wrap elementor-element-populated\">\n\t\t\t\t\t\t<div class=\"elementor-element elementor-element-1dd4e235 bdt-icon-type-image elementor-position-top bdt-icon-effect-none elementor-widget elementor-widget-bdt-advanced-icon-box\" data-id=\"1dd4e235\" data-element_type=\"widget\" data-widget_type=\"bdt-advanced-icon-box.default\">\n\t\t\t\t<div class=\"elementor-widget-container\">\n\t\t\t\t\t<div class=\"bdt-ep-advanced-icon-box\">\n\n\t\t\t\t\t\t\t\n\t\t\t\t\t<div class=\"bdt-ep-advanced-icon-box-icon\">\n\t\t\t\t<span class=\"bdt-ep-advanced-icon-box-icon-wrap\">\n\n\n\t\t\t\t\t<img decoding=\"async\" width=\"300\" height=\"43\" src=\"https:\/\/bcpglobal.com\/wp-content\/uploads\/2024\/09\/blackrock-logo-white-300x43.png\" class=\"attachment-medium size-medium\" alt=\"\" srcset=\"https:\/\/bcpglobal.com\/wp-content\/uploads\/2024\/09\/blackrock-logo-white-300x43.png 300w, https:\/\/bcpglobal.com\/wp-content\/uploads\/2024\/09\/blackrock-logo-white-1024x146.png 1024w, https:\/\/bcpglobal.com\/wp-content\/uploads\/2024\/09\/blackrock-logo-white-768x109.png 768w, https:\/\/bcpglobal.com\/wp-content\/uploads\/2024\/09\/blackrock-logo-white-650x92.png 650w, https:\/\/bcpglobal.com\/wp-content\/uploads\/2024\/09\/blackrock-logo-white.png 1252w\" sizes=\"(max-width: 300px) 100vw, 300px\" \/>\t\t\t\t<\/span>\n\t\t\t<\/div>\n\t\t\n\t\t\t\t\n\t\t\t<div class=\"bdt-ep-advanced-icon-box-content\">\n\n\t\t\t\t\t\t\t\t\t\n\t\t\n\n\t\t\n\t\t\t\t\t\n\t\t\t\t\n\t\t\t\t\t\t\t\t\t<div class=\"bdt-ep-advanced-icon-box-description\">\n\t\t\t\t\t\t<p>Como o maior gestor de ativos do mundo, <strong>a BlackRock \u00e9 conhecida por criar carteiras\nde investimento usando instrumentos transparentes, de baixo custo, l\u00edquidos e\neficientes em termos fiscais.<br \/><\/strong><br \/>Nossa alian\u00e7a estrat\u00e9gica com a BlackRock nos permite oferecer solu\u00e7\u00f5es de investimento escal\u00e1veis, adaptadas ao mercado de riqueza\noffshore na Am\u00e9rica Latina.<br \/><br \/>Esta parceria melhora nossa capacidade de oferecer op\u00e7\u00f5es de carteiras sofisticadas e diversificadas para nossos clientes.<\/p>\t\t\t\t\t<\/div>\n\t\t\t\t\n\t\t\t\t\t\t\t<\/div>\n\t\t<\/div>\n\n\t\t\n\t\t\n\t\t<\/div>\n\t\t\t\t<\/div>\n\t\t\t\t\t<\/div>\n\t\t<\/div>\n\t\t\t\t<div class=\"elementor-column elementor-col-33 elementor-inner-column elementor-element elementor-element-5b4f16da\" data-id=\"5b4f16da\" data-element_type=\"column\" data-settings=\"{&quot;background_background&quot;:&quot;classic&quot;}\">\n\t\t\t<div class=\"elementor-widget-wrap elementor-element-populated\">\n\t\t\t\t\t\t<div class=\"elementor-element elementor-element-1c546d37 bdt-icon-type-image elementor-position-top bdt-icon-effect-none elementor-widget elementor-widget-bdt-advanced-icon-box\" data-id=\"1c546d37\" data-element_type=\"widget\" data-widget_type=\"bdt-advanced-icon-box.default\">\n\t\t\t\t<div class=\"elementor-widget-container\">\n\t\t\t\t\t<div class=\"bdt-ep-advanced-icon-box\">\n\n\t\t\t\t\t\t\t\n\t\t\t\t\t<div class=\"bdt-ep-advanced-icon-box-icon\">\n\t\t\t\t<span class=\"bdt-ep-advanced-icon-box-icon-wrap\">\n\n\n\t\t\t\t\t<img decoding=\"async\" width=\"300\" height=\"44\" src=\"https:\/\/bcpglobal.com\/wp-content\/uploads\/2024\/09\/interactive-brokers-white-300x44.png\" class=\"attachment-medium size-medium\" alt=\"\" srcset=\"https:\/\/bcpglobal.com\/wp-content\/uploads\/2024\/09\/interactive-brokers-white-300x44.png 300w, https:\/\/bcpglobal.com\/wp-content\/uploads\/2024\/09\/interactive-brokers-white-1024x149.png 1024w, https:\/\/bcpglobal.com\/wp-content\/uploads\/2024\/09\/interactive-brokers-white-768x111.png 768w, https:\/\/bcpglobal.com\/wp-content\/uploads\/2024\/09\/interactive-brokers-white-1536x223.png 1536w, https:\/\/bcpglobal.com\/wp-content\/uploads\/2024\/09\/interactive-brokers-white-650x94.png 650w, https:\/\/bcpglobal.com\/wp-content\/uploads\/2024\/09\/interactive-brokers-white.png 1874w\" sizes=\"(max-width: 300px) 100vw, 300px\" \/>\t\t\t\t<\/span>\n\t\t\t<\/div>\n\t\t\n\t\t\t\t\n\t\t\t<div class=\"bdt-ep-advanced-icon-box-content\">\n\n\t\t\t\t\t\t\t\t\t\n\t\t\n\n\t\t\n\t\t\t\t\t\n\t\t\t\t\n\t\t\t\t\t\t\t\t\t<div class=\"bdt-ep-advanced-icon-box-description\">\n\t\t\t\t\t\t<p><strong>A Interactive Brokers se destaca como a maior plataforma de negocia\u00e7\u00e3o eletr\u00f4nica nos Estados <\/strong><strong>Unidos.<br \/><\/strong><br \/>Aproveitando a ampla plataforma da Interactive Brokers, garantimos uma cust\u00f3dia de ativos de primeira classe e opera\u00e7\u00f5es eficientes em\ndiversos mercados.<\/p><p>Esta alian\u00e7a nos permite oferecer aos nossos clientes custos altamente competitivos e uma gama de oportunidades de investimento.<\/p>\t\t\t\t\t<\/div>\n\t\t\t\t\n\t\t\t\t\t\t\t\t\t<a class=\"bdt-ep-advanced-icon-box-readmore bdt-display-inline-block\">\n\t\t\t\t\t\t\n\t\t\t\t\t\t\t\t\t\t\t<\/a>\n\t\t\t\t\t\t\t<\/div>\n\t\t<\/div>\n\n\t\t\n\t\t\n\t\t<\/div>\n\t\t\t\t<\/div>\n\t\t\t\t\t<\/div>\n\t\t<\/div>\n\t\t\t\t<div class=\"elementor-column elementor-col-33 elementor-inner-column elementor-element elementor-element-cf5e3e3\" data-id=\"cf5e3e3\" data-element_type=\"column\" data-settings=\"{&quot;background_background&quot;:&quot;classic&quot;}\">\n\t\t\t<div class=\"elementor-widget-wrap elementor-element-populated\">\n\t\t\t\t\t\t<div class=\"elementor-element elementor-element-45d730ae bdt-icon-type-image elementor-position-top bdt-icon-effect-none elementor-widget elementor-widget-bdt-advanced-icon-box\" data-id=\"45d730ae\" data-element_type=\"widget\" data-widget_type=\"bdt-advanced-icon-box.default\">\n\t\t\t\t<div class=\"elementor-widget-container\">\n\t\t\t\t\t<div class=\"bdt-ep-advanced-icon-box\">\n\n\t\t\t\t\t\t\t\n\t\t\t\t\t<div class=\"bdt-ep-advanced-icon-box-icon\">\n\t\t\t\t<span class=\"bdt-ep-advanced-icon-box-icon-wrap\">\n\n\n\t\t\t\t\t<img fetchpriority=\"high\" decoding=\"async\" width=\"4962\" height=\"1610\" src=\"https:\/\/bcpglobal.com\/wp-content\/uploads\/2024\/09\/Bradesco_H_White_RGB.png\" class=\"attachment-custom size-custom\" alt=\"\" srcset=\"https:\/\/bcpglobal.com\/wp-content\/uploads\/2024\/09\/Bradesco_H_White_RGB.png 4962w, https:\/\/bcpglobal.com\/wp-content\/uploads\/2024\/09\/Bradesco_H_White_RGB-300x97.png 300w, https:\/\/bcpglobal.com\/wp-content\/uploads\/2024\/09\/Bradesco_H_White_RGB-1024x332.png 1024w, https:\/\/bcpglobal.com\/wp-content\/uploads\/2024\/09\/Bradesco_H_White_RGB-768x249.png 768w, https:\/\/bcpglobal.com\/wp-content\/uploads\/2024\/09\/Bradesco_H_White_RGB-1536x498.png 1536w, https:\/\/bcpglobal.com\/wp-content\/uploads\/2024\/09\/Bradesco_H_White_RGB-2048x665.png 2048w, https:\/\/bcpglobal.com\/wp-content\/uploads\/2024\/09\/Bradesco_H_White_RGB-650x211.png 650w\" sizes=\"(max-width: 4962px) 100vw, 4962px\" \/>\t\t\t\t<\/span>\n\t\t\t<\/div>\n\t\t\n\t\t\t\t\n\t\t\t<div class=\"bdt-ep-advanced-icon-box-content\">\n\n\t\t\t\t\t\t\t\t\t\n\t\t\n\n\t\t\n\t\t\t\t\t\n\t\t\t\t\n\t\t\t\t\t\t\t\t\t<div class=\"bdt-ep-advanced-icon-box-description\">\n\t\t\t\t\t\t<p><strong>O Bradesco,<\/strong> <strong>a segunda maior institui\u00e7\u00e3o financeira do Brasil, \u00e9 um player destacado <\/strong><strong>no setor banc\u00e1rio do pa\u00eds.<br \/><\/strong><br \/>Como parceiro estrat\u00e9gico e de investimento no Brasil, a colabora\u00e7\u00e3o com o Bradesco \u00e9 fundamental para nossa expans\u00e3o e melhoria de\nservi\u00e7os em um dos principais mercados da Am\u00e9rica Latina.<\/p><p>Esta parceria fortalece nossa presen\u00e7a regional e melhora nossa oferta de servi\u00e7os financeiros.<\/p>\t\t\t\t\t<\/div>\n\t\t\t\t\n\t\t\t\t\t\t\t\t\t<a class=\"bdt-ep-advanced-icon-box-readmore bdt-display-inline-block\">\n\t\t\t\t\t\t\n\t\t\t\t\t\t\t\t\t\t\t<\/a>\n\t\t\t\t\t\t\t<\/div>\n\t\t<\/div>\n\n\t\t\n\t\t\n\t\t<\/div>\n\t\t\t\t<\/div>\n\t\t\t\t\t<\/div>\n\t\t<\/div>\n\t\t\t\t\t<\/div>\n\t\t<\/section>\n\t\t\t\t<section class=\"elementor-section elementor-inner-section elementor-element elementor-element-46490dde elementor-section-boxed elementor-section-height-default elementor-section-height-default elementor-invisible\" data-id=\"46490dde\" data-element_type=\"section\" data-settings=\"{&quot;animation&quot;:&quot;fadeInUp&quot;}\">\n\t\t\t\t\t\t<div class=\"elementor-container elementor-column-gap-default\">\n\t\t\t\t\t<div class=\"elementor-column elementor-col-100 elementor-inner-column elementor-element elementor-element-c25c07c\" data-id=\"c25c07c\" data-element_type=\"column\">\n\t\t\t<div class=\"elementor-widget-wrap elementor-element-populated\">\n\t\t\t\t\t\t<div class=\"elementor-element elementor-element-6371422 elementor-invisible elementor-widget elementor-widget-text-editor\" data-id=\"6371422\" data-element_type=\"widget\" data-settings=\"{&quot;_animation&quot;:&quot;fadeInUp&quot;,&quot;_animation_delay&quot;:400}\" data-widget_type=\"text-editor.default\">\n\t\t\t\t<div class=\"elementor-widget-container\">\n\t\t\t\t\t\t\t<p>Saiba mas<\/p>\t\t\t\t\t\t<\/div>\n\t\t\t\t<\/div>\n\t\t\t\t<div class=\"elementor-element elementor-element-1385927 elementor-align-center elementor-widget elementor-widget-button\" data-id=\"1385927\" data-element_type=\"widget\" data-widget_type=\"button.default\">\n\t\t\t\t<div class=\"elementor-widget-container\">\n\t\t\t\t\t<div class=\"elementor-button-wrapper\">\n\t\t\t<a class=\"elementor-button elementor-button-link elementor-size-sm\" href=\"https:\/\/bcpglobal.com\/pt\/about-us\/\">\n\t\t\t\t\t\t<span class=\"elementor-button-content-wrapper\">\n\t\t\t\t\t\t\t\t\t<span class=\"elementor-button-text\">Sobre n\u00f3s<\/span>\n\t\t\t\t\t<\/span>\n\t\t\t\t\t<\/a>\n\t\t<\/div>\n\t\t\t\t<\/div>\n\t\t\t\t<\/div>\n\t\t\t\t\t<\/div>\n\t\t<\/div>\n\t\t\t\t\t<\/div>\n\t\t<\/section>\n\t\t\t\t\t<\/div>\n\t\t<\/div>\n\t\t\t\t\t<\/div>\n\t\t<\/div>\n\t\t\t\t<\/div>","protected":false},"excerpt":{"rendered":"<p>We believe in the power of collaboration! Our strategic alliances with industry leaders exemplify our commitment to providing first class financial solutions. [&hellip;]<\/p>","protected":false},"author":5,"featured_media":0,"parent":0,"menu_order":0,"comment_status":"closed","ping_status":"closed","template":"","meta":{"content-type":"","footnotes":""},"class_list":["post-2203","page","type-page","status-publish","hentry"],"yoast_head":"<!-- This site is optimized with the Yoast SEO plugin v26.3 - https:\/\/yoast.com\/wordpress\/plugins\/seo\/ -->\n<title>Access Secure Financial Solutions<\/title>\n<meta name=\"description\" content=\"For investors seeking security, our strategic partnerships protect your assets and offer unique opportunities.\" \/>\n<meta name=\"robots\" content=\"index, follow, max-snippet:-1, max-image-preview:large, max-video-preview:-1\" \/>\n<link rel=\"canonical\" href=\"https:\/\/bcpglobal.com\/pt\/strategic-alliance\/\" \/>\n<meta property=\"og:locale\" content=\"pt_BR\" \/>\n<meta property=\"og:type\" content=\"article\" \/>\n<meta property=\"og:title\" content=\"Access Secure Financial Solutions\" \/>\n<meta property=\"og:description\" content=\"For investors seeking security, our strategic partnerships protect your assets and offer unique opportunities.\" \/>\n<meta property=\"og:url\" content=\"https:\/\/bcpglobal.com\/pt\/strategic-alliance\/\" \/>\n<meta property=\"og:site_name\" content=\"BCP Global\" \/>\n<meta property=\"article:publisher\" content=\"https:\/\/www.facebook.com\/bcpglobal\/\" \/>\n<meta property=\"article:modified_time\" content=\"2025-11-10T13:02:16+00:00\" \/>\n<meta property=\"og:image\" content=\"http:\/\/bcpglobal.com\/wp-content\/uploads\/2024\/09\/blackrock-logo-white-300x43.png\" \/>\n<meta name=\"twitter:card\" content=\"summary_large_image\" \/>\n<meta name=\"twitter:site\" content=\"@bcpglobalinvest\" \/>\n<meta name=\"twitter:label1\" content=\"Est. tempo de leitura\" \/>\n\t<meta name=\"twitter:data1\" content=\"2 minutos\" \/>\n<script type=\"application\/ld+json\" class=\"yoast-schema-graph\">{\"@context\":\"https:\/\/schema.org\",\"@graph\":[{\"@type\":\"WebPage\",\"@id\":\"https:\/\/bcpglobal.com\/strategic-alliance\/\",\"url\":\"https:\/\/bcpglobal.com\/strategic-alliance\/\",\"name\":\"Access Secure Financial Solutions\",\"isPartOf\":{\"@id\":\"http:\/\/10.20.15.237:8080\/#website\"},\"primaryImageOfPage\":{\"@id\":\"https:\/\/bcpglobal.com\/strategic-alliance\/#primaryimage\"},\"image\":{\"@id\":\"https:\/\/bcpglobal.com\/strategic-alliance\/#primaryimage\"},\"thumbnailUrl\":\"http:\/\/bcpglobal.com\/wp-content\/uploads\/2024\/09\/blackrock-logo-white-300x43.png\",\"datePublished\":\"2024-09-16T21:18:09+00:00\",\"dateModified\":\"2025-11-10T13:02:16+00:00\",\"description\":\"For investors seeking security, our strategic partnerships protect your assets and offer unique opportunities.\",\"breadcrumb\":{\"@id\":\"https:\/\/bcpglobal.com\/strategic-alliance\/#breadcrumb\"},\"inLanguage\":\"pt-BR\",\"potentialAction\":[{\"@type\":\"ReadAction\",\"target\":[\"https:\/\/bcpglobal.com\/strategic-alliance\/\"]}]},{\"@type\":\"ImageObject\",\"inLanguage\":\"pt-BR\",\"@id\":\"https:\/\/bcpglobal.com\/strategic-alliance\/#primaryimage\",\"url\":\"http:\/\/bcpglobal.com\/wp-content\/uploads\/2024\/09\/blackrock-logo-white-300x43.png\",\"contentUrl\":\"http:\/\/bcpglobal.com\/wp-content\/uploads\/2024\/09\/blackrock-logo-white-300x43.png\"},{\"@type\":\"BreadcrumbList\",\"@id\":\"https:\/\/bcpglobal.com\/strategic-alliance\/#breadcrumb\",\"itemListElement\":[{\"@type\":\"ListItem\",\"position\":1,\"name\":\"Home\",\"item\":\"http:\/\/10.20.15.237:8080\/\"},{\"@type\":\"ListItem\",\"position\":2,\"name\":\"Strategic alliance\"}]},{\"@type\":\"WebSite\",\"@id\":\"http:\/\/10.20.15.237:8080\/#website\",\"url\":\"http:\/\/10.20.15.237:8080\/\",\"name\":\"BCP Global\",\"description\":\"\",\"publisher\":{\"@id\":\"http:\/\/10.20.15.237:8080\/#organization\"},\"potentialAction\":[{\"@type\":\"SearchAction\",\"target\":{\"@type\":\"EntryPoint\",\"urlTemplate\":\"http:\/\/10.20.15.237:8080\/?s={search_term_string}\"},\"query-input\":{\"@type\":\"PropertyValueSpecification\",\"valueRequired\":true,\"valueName\":\"search_term_string\"}}],\"inLanguage\":\"pt-BR\"},{\"@type\":\"Organization\",\"@id\":\"http:\/\/10.20.15.237:8080\/#organization\",\"name\":\"BCP Global\",\"url\":\"http:\/\/10.20.15.237:8080\/\",\"logo\":{\"@type\":\"ImageObject\",\"inLanguage\":\"pt-BR\",\"@id\":\"http:\/\/10.20.15.237:8080\/#\/schema\/logo\/image\/\",\"url\":\"http:\/\/10.20.13.46:8080\/wp-content\/uploads\/2024\/10\/favicon.png\",\"contentUrl\":\"http:\/\/10.20.13.46:8080\/wp-content\/uploads\/2024\/10\/favicon.png\",\"width\":196,\"height\":196,\"caption\":\"BCP Global\"},\"image\":{\"@id\":\"http:\/\/10.20.15.237:8080\/#\/schema\/logo\/image\/\"},\"sameAs\":[\"https:\/\/www.facebook.com\/bcpglobal\/\",\"https:\/\/x.com\/bcpglobalinvest\",\"https:\/\/www.youtube.com\/@bcpglobal9094\",\"https:\/\/www.instagram.com\/bcpglobal\/?hl=en\",\"https:\/\/www.linkedin.com\/company\/bcpglobal\/\"]}]}<\/script>\n<!-- \/ Yoast SEO plugin. -->","yoast_head_json":{"title":"Access Secure Financial Solutions","description":"For investors seeking security, our strategic partnerships protect your assets and offer unique opportunities.","robots":{"index":"index","follow":"follow","max-snippet":"max-snippet:-1","max-image-preview":"max-image-preview:large","max-video-preview":"max-video-preview:-1"},"canonical":"https:\/\/bcpglobal.com\/pt\/strategic-alliance\/","og_locale":"pt_BR","og_type":"article","og_title":"Access Secure Financial Solutions","og_description":"For investors seeking security, our strategic partnerships protect your assets and offer unique opportunities.","og_url":"https:\/\/bcpglobal.com\/pt\/strategic-alliance\/","og_site_name":"BCP Global","article_publisher":"https:\/\/www.facebook.com\/bcpglobal\/","article_modified_time":"2025-11-10T13:02:16+00:00","og_image":[{"url":"http:\/\/bcpglobal.com\/wp-content\/uploads\/2024\/09\/blackrock-logo-white-300x43.png","type":"","width":"","height":""}],"twitter_card":"summary_large_image","twitter_site":"@bcpglobalinvest","twitter_misc":{"Est. tempo de leitura":"2 minutos"},"schema":{"@context":"https:\/\/schema.org","@graph":[{"@type":"WebPage","@id":"https:\/\/bcpglobal.com\/strategic-alliance\/","url":"https:\/\/bcpglobal.com\/strategic-alliance\/","name":"Access Secure Financial Solutions","isPartOf":{"@id":"http:\/\/10.20.15.237:8080\/#website"},"primaryImageOfPage":{"@id":"https:\/\/bcpglobal.com\/strategic-alliance\/#primaryimage"},"image":{"@id":"https:\/\/bcpglobal.com\/strategic-alliance\/#primaryimage"},"thumbnailUrl":"http:\/\/bcpglobal.com\/wp-content\/uploads\/2024\/09\/blackrock-logo-white-300x43.png","datePublished":"2024-09-16T21:18:09+00:00","dateModified":"2025-11-10T13:02:16+00:00","description":"For investors seeking security, our strategic partnerships protect your assets and offer unique opportunities.","breadcrumb":{"@id":"https:\/\/bcpglobal.com\/strategic-alliance\/#breadcrumb"},"inLanguage":"pt-BR","potentialAction":[{"@type":"ReadAction","target":["https:\/\/bcpglobal.com\/strategic-alliance\/"]}]},{"@type":"ImageObject","inLanguage":"pt-BR","@id":"https:\/\/bcpglobal.com\/strategic-alliance\/#primaryimage","url":"http:\/\/bcpglobal.com\/wp-content\/uploads\/2024\/09\/blackrock-logo-white-300x43.png","contentUrl":"http:\/\/bcpglobal.com\/wp-content\/uploads\/2024\/09\/blackrock-logo-white-300x43.png"},{"@type":"BreadcrumbList","@id":"https:\/\/bcpglobal.com\/strategic-alliance\/#breadcrumb","itemListElement":[{"@type":"ListItem","position":1,"name":"Home","item":"http:\/\/10.20.15.237:8080\/"},{"@type":"ListItem","position":2,"name":"Strategic alliance"}]},{"@type":"WebSite","@id":"http:\/\/10.20.15.237:8080\/#website","url":"http:\/\/10.20.15.237:8080\/","name":"a BCP Global","description":"","publisher":{"@id":"http:\/\/10.20.15.237:8080\/#organization"},"potentialAction":[{"@type":"SearchAction","target":{"@type":"EntryPoint","urlTemplate":"http:\/\/10.20.15.237:8080\/?s={search_term_string}"},"query-input":{"@type":"PropertyValueSpecification","valueRequired":true,"valueName":"search_term_string"}}],"inLanguage":"pt-BR"},{"@type":"Organization","@id":"http:\/\/10.20.15.237:8080\/#organization","name":"a BCP Global","url":"http:\/\/10.20.15.237:8080\/","logo":{"@type":"ImageObject","inLanguage":"pt-BR","@id":"http:\/\/10.20.15.237:8080\/#\/schema\/logo\/image\/","url":"http:\/\/10.20.13.46:8080\/wp-content\/uploads\/2024\/10\/favicon.png","contentUrl":"http:\/\/10.20.13.46:8080\/wp-content\/uploads\/2024\/10\/favicon.png","width":196,"height":196,"caption":"BCP Global"},"image":{"@id":"http:\/\/10.20.15.237:8080\/#\/schema\/logo\/image\/"},"sameAs":["https:\/\/www.facebook.com\/bcpglobal\/","https:\/\/x.com\/bcpglobalinvest","https:\/\/www.youtube.com\/@bcpglobal9094","https:\/\/www.instagram.com\/bcpglobal\/?hl=en","https:\/\/www.linkedin.com\/company\/bcpglobal\/"]}]}},"_links":{"self":[{"href":"https:\/\/bcpglobal.com\/pt\/wp-json\/wp\/v2\/pages\/2203","targetHints":{"allow":["GET"]}}],"collection":[{"href":"https:\/\/bcpglobal.com\/pt\/wp-json\/wp\/v2\/pages"}],"about":[{"href":"https:\/\/bcpglobal.com\/pt\/wp-json\/wp\/v2\/types\/page"}],"author":[{"embeddable":true,"href":"https:\/\/bcpglobal.com\/pt\/wp-json\/wp\/v2\/users\/5"}],"replies":[{"embeddable":true,"href":"https:\/\/bcpglobal.com\/pt\/wp-json\/wp\/v2\/comments?post=2203"}],"version-history":[{"count":38,"href":"https:\/\/bcpglobal.com\/pt\/wp-json\/wp\/v2\/pages\/2203\/revisions"}],"predecessor-version":[{"id":3859,"href":"https:\/\/bcpglobal.com\/pt\/wp-json\/wp\/v2\/pages\/2203\/revisions\/3859"}],"wp:attachment":[{"href":"https:\/\/bcpglobal.com\/pt\/wp-json\/wp\/v2\/media?parent=2203"}],"curies":[{"name":"wp","href":"https:\/\/api.w.org\/{rel}","templated":true}]}}